{"id":845,"date":"2023-10-18T16:03:11","date_gmt":"2023-10-18T14:03:11","guid":{"rendered":"http:\/\/www.laponsetia.com\/?post_type=product&#038;p=845"},"modified":"2026-01-30T19:31:00","modified_gmt":"2026-01-30T18:31:00","slug":"ramo-de-tulipanes-rosas","status":"publish","type":"product","link":"https:\/\/www.laponsetia.com\/index.php\/producto\/ramo-de-tulipanes-rosas\/","title":{"rendered":"Ramo de Tulipanes morados"},"content":{"rendered":"<p>Compra este modelo <strong>Ramo de Tulipanes morados<\/strong>\u00a0de <strong>Florister\u00eda La Ponsetia<\/strong> o si prefieres puedes venir a recogerlo a nuestra florister\u00eda. Estamos situados en la Calle Orense 26 de Madrid (zona Cuzco &#8211; Nuevos Ministerios). 60 a\u00f1os de experiencia nos avalan.<\/p>\n<p><strong>Comprar Ramos de Tulipanes en Madrid<\/strong><\/p>\n<p>Le ofrecemos un sinf\u00edn de combinaciones de Ramos de Tulipanes, que vamos actualizando constantemente en nuestra web, seg\u00fan las flores de cada temporada. Los ramos de flores pueden regalarse en infinidad de ocasiones, como en nacimientos, aniversarios, agradecimientos, cumplea\u00f1os, etc.<\/p>\n<p><strong>Enviar Ramos de Tulipanes en Madrid<\/strong><\/p>\n<p>Es el art\u00edculo que tiene una mayor oferta de precios, pudi\u00e9ndose acoplar a cualquier bolsillo. Lo que s\u00ed le aseguramos es que un ramo de flores, sea del precio que sea y para la ocasi\u00f3n que lo emplee, y siempre que est\u00e9 realizado con gusto, profesionalidad y buen g\u00e9nero, ser\u00e1 un regalo muy apreciado y recordado. Solo tienes que elegir las flores adecuadas seg\u00fan la ocasi\u00f3n que se trate.<\/p>\n","protected":false},"excerpt":{"rendered":"<p><strong>Ramo de Tulipanes morados.<\/strong><\/p>\n<p><strong>Opci\u00f3n de elegir ramo de : 12, 15, 18 y 24 unidades.<\/strong><\/p>\n<p><span style=\"color: #800000;\"><strong>El ramo de la imagen corresponde al de 12 Tulipanes.<\/strong><\/span><\/p>\n","protected":false},"featured_media":1445,"template":"","meta":{"site-sidebar-layout":"default","site-content-layout":"default","ast-site-content-layout":"default","site-content-style":"default","site-sidebar-style":"default","ast-global-header-display":"","ast-banner-title-visibility":"","ast-main-header-display":"","ast-hfb-above-header-display":"","ast-hfb-below-header-display":"","ast-hfb-mobile-header-display":"","site-post-title":"","ast-breadcrumbs-content":"","ast-featured-img":"","footer-sml-layout":"","theme-transparent-header-meta":"default","adv-header-id-meta":"","stick-header-meta":"","header-above-stick-meta":"","header-main-stick-meta":"","header-below-stick-meta":"","astra-migrate-meta-layouts":"default","ast-page-background-enabled":"default","ast-page-background-meta":{"desktop":{"background-color":"var(--ast-global-color-4)","background-image":"","background-repeat":"repeat","background-position":"center center","background-size":"auto","background-attachment":"scroll","background-type":"","background-media":"","overlay-type":"","overlay-color":"","overlay-opacity":"","overlay-gradient":""},"tablet":{"background-color":"","background-image":"","background-repeat":"repeat","background-position":"center center","background-size":"auto","background-attachment":"scroll","background-type":"","background-media":"","overlay-type":"","overlay-color":"","overlay-opacity":"","overlay-gradient":""},"mobile":{"background-color":"","background-image":"","background-repeat":"repeat","background-position":"center center","background-size":"auto","background-attachment":"scroll","background-type":"","background-media":"","overlay-type":"","overlay-color":"","overlay-opacity":"","overlay-gradient":""}},"ast-content-background-meta":{"desktop":{"background-color":"var(--ast-global-color-5)","background-image":"","background-repeat":"repeat","background-position":"center center","background-size":"auto","background-attachment":"scroll","background-type":"","background-media":"","overlay-type":"","overlay-color":"","overlay-opacity":"","overlay-gradient":""},"tablet":{"background-color":"var(--ast-global-color-5)","background-image":"","background-repeat":"repeat","background-position":"center center","background-size":"auto","background-attachment":"scroll","background-type":"","background-media":"","overlay-type":"","overlay-color":"","overlay-opacity":"","overlay-gradient":""},"mobile":{"background-color":"var(--ast-global-color-5)","background-image":"","background-repeat":"repeat","background-position":"center center","background-size":"auto","background-attachment":"scroll","background-type":"","background-media":"","overlay-type":"","overlay-color":"","overlay-opacity":"","overlay-gradient":""}},"_joinchat":[]},"product_brand":[],"product_cat":[17,26],"product_tag":[],"class_list":{"0":"post-845","1":"product","2":"type-product","3":"status-publish","4":"has-post-thumbnail","6":"product_cat-flores","7":"product_cat-tulipanes","8":"desktop-align-center","9":"tablet-align-left","10":"mobile-align-center","12":"first","13":"outofstock","14":"shipping-taxable","15":"purchasable","16":"product-type-variable"},"jetpack_sharing_enabled":true,"_links":{"self":[{"href":"https:\/\/www.laponsetia.com\/index.php\/wp-json\/wp\/v2\/product\/845","targetHints":{"allow":["GET"]}}],"collection":[{"href":"https:\/\/www.laponsetia.com\/index.php\/wp-json\/wp\/v2\/product"}],"about":[{"href":"https:\/\/www.laponsetia.com\/index.php\/wp-json\/wp\/v2\/types\/product"}],"wp:featuredmedia":[{"embeddable":true,"href":"https:\/\/www.laponsetia.com\/index.php\/wp-json\/wp\/v2\/media\/1445"}],"wp:attachment":[{"href":"https:\/\/www.laponsetia.com\/index.php\/wp-json\/wp\/v2\/media?parent=845"}],"wp:term":[{"taxonomy":"product_brand","embeddable":true,"href":"https:\/\/www.laponsetia.com\/index.php\/wp-json\/wp\/v2\/product_brand?post=845"},{"taxonomy":"product_cat","embeddable":true,"href":"https:\/\/www.laponsetia.com\/index.php\/wp-json\/wp\/v2\/product_cat?post=845"},{"taxonomy":"product_tag","embeddable":true,"href":"https:\/\/www.laponsetia.com\/index.php\/wp-json\/wp\/v2\/product_tag?post=845"}],"curies":[{"name":"wp","href":"https:\/\/api.w.org\/{rel}","templated":true}]}}