{"id":239,"date":"2023-07-11T17:25:13","date_gmt":"2023-07-11T17:25:13","guid":{"rendered":"http:\/\/www.laponsetia.com\/?post_type=product&#038;p=239"},"modified":"2025-11-06T11:51:37","modified_gmt":"2025-11-06T10:51:37","slug":"cesta-azaleas-rosas","status":"publish","type":"product","link":"https:\/\/www.laponsetia.com\/index.php\/producto\/cesta-azaleas-rosas\/","title":{"rendered":"Cesta de Brezo"},"content":{"rendered":"<p>Compra este modelo <strong>Cesta de Brezo<\/strong>\u00a0de <strong>Florister\u00eda La Ponsetia<\/strong> o si prefieres puedes venir a recogerlo a nuestra florister\u00eda. Estamos situados en la Calle Orense 26 de Madrid (zona Cuzco &#8211; Nuevos Ministerios). 60 a\u00f1os de experiencia nos avalan.<\/p>\n<p><strong>Comprar Cesta de Brezo en Madrid<\/strong><\/p>\n<p>Le ofrecemos centros y cestas de plantas que vamos actualizando constantemente en nuestra web, seg\u00fan las plantas de cada temporada. Las cestas pueden regalarse en infinidad de ocasiones, como en nacimientos, aniversarios, agradecimientos, cumplea\u00f1os, etc.<\/p>\n<p><strong>Enviar Cesta de Brezo en Madrid<\/strong><\/p>\n<p>Es el art\u00edculo que tiene una mayor oferta de precios, pudi\u00e9ndose acoplar a cualquier bolsillo. Lo que s\u00ed le aseguramos es que un ramo de flores, sea del precio que sea y para la ocasi\u00f3n que lo emplee, y siempre que est\u00e9 realizado con gusto, profesionalidad y buen g\u00e9nero, ser\u00e1 un regalo muy apreciado y recordado. Solo tienes que elegir las flores adecuadas seg\u00fan la ocasi\u00f3n que se trate.<\/p>\n","protected":false},"excerpt":{"rendered":"<p><strong>Cesta de mimbre compuesta de plantas de Brezo.<\/strong><\/p>\n<p><strong>Opci\u00f3n de escoger tama\u00f1o Mediano (2 Brezos) o Premium (4 Brezos).<\/strong><\/p>\n<p><span style=\"color: #800000;\"><strong>La imagen corresponde al tama\u00f1o PREMIUM<\/strong><\/span><\/p>\n","protected":false},"featured_media":1002,"template":"","meta":{"site-sidebar-layout":"default","site-content-layout":"default","ast-site-content-layout":"default","site-content-style":"default","site-sidebar-style":"default","ast-global-header-display":"","ast-banner-title-visibility":"","ast-main-header-display":"","ast-hfb-above-header-display":"","ast-hfb-below-header-display":"","ast-hfb-mobile-header-display":"","site-post-title":"","ast-breadcrumbs-content":"","ast-featured-img":"","footer-sml-layout":"","ast-disable-related-posts":"","theme-transparent-header-meta":"default","adv-header-id-meta":"","stick-header-meta":"","header-above-stick-meta":"","header-main-stick-meta":"","header-below-stick-meta":"","astra-migrate-meta-layouts":"set","ast-page-background-enabled":"default","ast-page-background-meta":{"desktop":{"background-color":"var(--ast-global-color-4)","background-image":"","background-repeat":"repeat","background-position":"center center","background-size":"auto","background-attachment":"scroll","background-type":"","background-media":"","overlay-type":"","overlay-color":"","overlay-opacity":"","overlay-gradient":""},"tablet":{"background-color":"","background-image":"","background-repeat":"repeat","background-position":"center center","background-size":"auto","background-attachment":"scroll","background-type":"","background-media":"","overlay-type":"","overlay-color":"","overlay-opacity":"","overlay-gradient":""},"mobile":{"background-color":"","background-image":"","background-repeat":"repeat","background-position":"center center","background-size":"auto","background-attachment":"scroll","background-type":"","background-media":"","overlay-type":"","overlay-color":"","overlay-opacity":"","overlay-gradient":""}},"ast-content-background-meta":{"desktop":{"background-color":"var(--ast-global-color-5)","background-image":"","background-repeat":"repeat","background-position":"center center","background-size":"auto","background-attachment":"scroll","background-type":"","background-media":"","overlay-type":"","overlay-color":"","overlay-opacity":"","overlay-gradient":""},"tablet":{"background-color":"var(--ast-global-color-5)","background-image":"","background-repeat":"repeat","background-position":"center center","background-size":"auto","background-attachment":"scroll","background-type":"","background-media":"","overlay-type":"","overlay-color":"","overlay-opacity":"","overlay-gradient":""},"mobile":{"background-color":"var(--ast-global-color-5)","background-image":"","background-repeat":"repeat","background-position":"center center","background-size":"auto","background-attachment":"scroll","background-type":"","background-media":"","overlay-type":"","overlay-color":"","overlay-opacity":"","overlay-gradient":""}},"_joinchat":[]},"product_brand":[],"product_cat":[29,18],"product_tag":[],"class_list":{"0":"post-239","1":"product","2":"type-product","3":"status-publish","4":"has-post-thumbnail","6":"product_cat-centros-y-cestas-de-plantas","7":"product_cat-plantas","8":"desktop-align-center","9":"tablet-align-left","10":"mobile-align-center","12":"first","13":"outofstock","14":"shipping-taxable","15":"purchasable","16":"product-type-variable"},"jetpack_sharing_enabled":true,"_links":{"self":[{"href":"https:\/\/www.laponsetia.com\/index.php\/wp-json\/wp\/v2\/product\/239","targetHints":{"allow":["GET"]}}],"collection":[{"href":"https:\/\/www.laponsetia.com\/index.php\/wp-json\/wp\/v2\/product"}],"about":[{"href":"https:\/\/www.laponsetia.com\/index.php\/wp-json\/wp\/v2\/types\/product"}],"wp:featuredmedia":[{"embeddable":true,"href":"https:\/\/www.laponsetia.com\/index.php\/wp-json\/wp\/v2\/media\/1002"}],"wp:attachment":[{"href":"https:\/\/www.laponsetia.com\/index.php\/wp-json\/wp\/v2\/media?parent=239"}],"wp:term":[{"taxonomy":"product_brand","embeddable":true,"href":"https:\/\/www.laponsetia.com\/index.php\/wp-json\/wp\/v2\/product_brand?post=239"},{"taxonomy":"product_cat","embeddable":true,"href":"https:\/\/www.laponsetia.com\/index.php\/wp-json\/wp\/v2\/product_cat?post=239"},{"taxonomy":"product_tag","embeddable":true,"href":"https:\/\/www.laponsetia.com\/index.php\/wp-json\/wp\/v2\/product_tag?post=239"}],"curies":[{"name":"wp","href":"https:\/\/api.w.org\/{rel}","templated":true}]}}