{"id":2156,"date":"2025-05-27T11:50:25","date_gmt":"2025-05-27T09:50:25","guid":{"rendered":"https:\/\/www.laponsetia.com\/?post_type=product&#038;p=2156"},"modified":"2026-04-09T17:53:16","modified_gmt":"2026-04-09T15:53:16","slug":"ficus-lyrata-copia","status":"publish","type":"product","link":"https:\/\/www.laponsetia.com\/index.php\/producto\/ficus-lyrata-copia\/","title":{"rendered":"Beaucarnea"},"content":{"rendered":"<p>Compra este modelo<strong> Beaucarnea de<\/strong> <strong>Florister\u00eda La Ponsetia<\/strong> o si prefieres puedes venir a recogerlo a nuestra florister\u00eda. Estamos situados en la Calle Orense 26 de Madrid (zona Cuzco &#8211; Nuevos Ministerios). 60 a\u00f1os de experiencia nos avalan.<\/p>\n<p><strong>Comprar Beaucarnea en Madrid<\/strong><\/p>\n<p>Le ofrecemos centros y cestas de plantas que vamos actualizando constantemente en nuestra web, seg\u00fan las plantas de cada temporada. Las cestas pueden regalarse en infinidad de ocasiones, como en nacimientos, aniversarios, agradecimientos, cumplea\u00f1os, etc.<\/p>\n<p><strong>Enviar Beaucarnea en Madrid<\/strong><\/p>\n<p>Es el art\u00edculo que tiene una mayor oferta de precios, pudi\u00e9ndose acoplar a cualquier bolsillo. Lo que s\u00ed le aseguramos es que un ramo de flores, sea del precio que sea y para la ocasi\u00f3n que lo emplee, y siempre que est\u00e9 realizado con gusto, profesionalidad y buen g\u00e9nero, ser\u00e1 un regalo muy apreciado y recordado. Solo tienes que elegir las flores adecuadas seg\u00fan la ocasi\u00f3n que se trate.<\/p>\n","protected":false},"excerpt":{"rendered":"<p><b>Beaucarnea conocida como \u00abPata de Elefante\u00bb.<\/b><\/p>\n<p><strong>Tiene un tama\u00f1o de 80cm de altura aprox.<\/strong><\/p>\n<p><strong>Incluye cesta r\u00fastica. Di\u00e1metro de 22cm<\/strong><\/p>\n<p><strong>Es una planta tropical de interior que requiere de mucha luz indirecta y riego moderado.<\/strong><\/p>\n<p><strong>Le gustan los climas c\u00e1lidos con una temperatura entre 20 y 25 grados. No les gusta el fr\u00edo.<\/strong><\/p>\n<p>&nbsp;<\/p>\n<p>&nbsp;<\/p>\n","protected":false},"featured_media":2157,"template":"","meta":{"site-sidebar-layout":"default","site-content-layout":"default","ast-site-content-layout":"default","site-content-style":"default","site-sidebar-style":"default","ast-global-header-display":"","ast-banner-title-visibility":"","ast-main-header-display":"","ast-hfb-above-header-display":"","ast-hfb-below-header-display":"","ast-hfb-mobile-header-display":"","site-post-title":"","ast-breadcrumbs-content":"","ast-featured-img":"","footer-sml-layout":"","ast-disable-related-posts":"","theme-transparent-header-meta":"default","adv-header-id-meta":"","stick-header-meta":"","header-above-stick-meta":"","header-main-stick-meta":"","header-below-stick-meta":"","astra-migrate-meta-layouts":"set","ast-page-background-enabled":"default","ast-page-background-meta":{"desktop":{"background-color":"var(--ast-global-color-4)","background-image":"","background-repeat":"repeat","background-position":"center center","background-size":"auto","background-attachment":"scroll","background-type":"","background-media":"","overlay-type":"","overlay-color":"","overlay-opacity":"","overlay-gradient":""},"tablet":{"background-color":"","background-image":"","background-repeat":"repeat","background-position":"center center","background-size":"auto","background-attachment":"scroll","background-type":"","background-media":"","overlay-type":"","overlay-color":"","overlay-opacity":"","overlay-gradient":""},"mobile":{"background-color":"","background-image":"","background-repeat":"repeat","background-position":"center center","background-size":"auto","background-attachment":"scroll","background-type":"","background-media":"","overlay-type":"","overlay-color":"","overlay-opacity":"","overlay-gradient":""}},"ast-content-background-meta":{"desktop":{"background-color":"var(--ast-global-color-5)","background-image":"","background-repeat":"repeat","background-position":"center center","background-size":"auto","background-attachment":"scroll","background-type":"","background-media":"","overlay-type":"","overlay-color":"","overlay-opacity":"","overlay-gradient":""},"tablet":{"background-color":"var(--ast-global-color-5)","background-image":"","background-repeat":"repeat","background-position":"center center","background-size":"auto","background-attachment":"scroll","background-type":"","background-media":"","overlay-type":"","overlay-color":"","overlay-opacity":"","overlay-gradient":""},"mobile":{"background-color":"var(--ast-global-color-5)","background-image":"","background-repeat":"repeat","background-position":"center center","background-size":"auto","background-attachment":"scroll","background-type":"","background-media":"","overlay-type":"","overlay-color":"","overlay-opacity":"","overlay-gradient":""}},"_joinchat":[]},"product_brand":[],"product_cat":[29,18],"product_tag":[],"class_list":{"0":"post-2156","1":"product","2":"type-product","3":"status-publish","4":"has-post-thumbnail","6":"product_cat-centros-y-cestas-de-plantas","7":"product_cat-plantas","8":"desktop-align-center","9":"tablet-align-left","10":"mobile-align-center","12":"first","13":"outofstock","14":"shipping-taxable","15":"purchasable","16":"product-type-simple"},"jetpack_sharing_enabled":true,"_links":{"self":[{"href":"https:\/\/www.laponsetia.com\/index.php\/wp-json\/wp\/v2\/product\/2156","targetHints":{"allow":["GET"]}}],"collection":[{"href":"https:\/\/www.laponsetia.com\/index.php\/wp-json\/wp\/v2\/product"}],"about":[{"href":"https:\/\/www.laponsetia.com\/index.php\/wp-json\/wp\/v2\/types\/product"}],"wp:featuredmedia":[{"embeddable":true,"href":"https:\/\/www.laponsetia.com\/index.php\/wp-json\/wp\/v2\/media\/2157"}],"wp:attachment":[{"href":"https:\/\/www.laponsetia.com\/index.php\/wp-json\/wp\/v2\/media?parent=2156"}],"wp:term":[{"taxonomy":"product_brand","embeddable":true,"href":"https:\/\/www.laponsetia.com\/index.php\/wp-json\/wp\/v2\/product_brand?post=2156"},{"taxonomy":"product_cat","embeddable":true,"href":"https:\/\/www.laponsetia.com\/index.php\/wp-json\/wp\/v2\/product_cat?post=2156"},{"taxonomy":"product_tag","embeddable":true,"href":"https:\/\/www.laponsetia.com\/index.php\/wp-json\/wp\/v2\/product_tag?post=2156"}],"curies":[{"name":"wp","href":"https:\/\/api.w.org\/{rel}","templated":true}]}}