{"id":1711,"date":"2024-04-30T11:44:41","date_gmt":"2024-04-30T09:44:41","guid":{"rendered":"https:\/\/www.laponsetia.com\/?post_type=product&#038;p=1711"},"modified":"2025-11-20T11:38:44","modified_gmt":"2025-11-20T10:38:44","slug":"mini-orquidea-kolibri","status":"publish","type":"product","link":"https:\/\/www.laponsetia.com\/index.php\/producto\/mini-orquidea-kolibri\/","title":{"rendered":"Mini Orqu\u00eddea Kolibr\u00ed"},"content":{"rendered":"<p>Compra este modelo <strong>Mini Orqu\u00eddea Kolibr\u00ed<\/strong>\u00a0de <strong>Florister\u00eda La Ponsetia<\/strong> o si prefieres puedes venir a recogerlo a nuestra florister\u00eda. Estamos situados en la Calle Orense 26 de Madrid (zona Cuzco &#8211; Nuevos Ministerios). 60 a\u00f1os de experiencia nos avalan.<\/p>\n<p><strong>Comprar Orqu\u00eddeas en Madrid<\/strong><\/p>\n<p>Le ofrecemos diferentes montaje de Orqu\u00eddeas, que vamos actualizando constantemente en nuestra web. Las Orqu\u00eddeas pueden regalarse en infinidad de ocasiones, como en nacimientos, aniversarios, agradecimientos, cumplea\u00f1os, etc.<\/p>\n<p><strong>Enviar Orqu\u00eddeas en Madrid<\/strong><\/p>\n<p>Es el art\u00edculo que tiene una mayor oferta de precios, pudi\u00e9ndose acoplar a cualquier bolsillo. Lo que s\u00ed le aseguramos es que un ramo de flores, sea del precio que sea y para la ocasi\u00f3n que lo emplee, y siempre que est\u00e9 realizado con gusto, profesionalidad y buen g\u00e9nero, ser\u00e1 un regalo muy apreciado y recordado. Solo tienes que elegir las flores adecuadas seg\u00fan la ocasi\u00f3n que se trate.<\/p>\n","protected":false},"excerpt":{"rendered":"<p><strong>Mini Orqu\u00eddea Phalaenopsis de 2 varas (40cm de altura)<\/strong><\/p>\n<p><strong>Va sobre un recipiente de cer\u00e1mica blanca y dorada<\/strong><\/p>\n<p><strong>Medida del recipiente : 11,5 cm di\u00e1metro x 14cm de altura<\/strong><\/p>\n<p><strong>Orqu\u00eddea en color blanco<\/strong><\/p>\n","protected":false},"featured_media":1714,"template":"","meta":{"site-sidebar-layout":"default","site-content-layout":"default","ast-site-content-layout":"default","site-content-style":"default","site-sidebar-style":"default","ast-global-header-display":"","ast-banner-title-visibility":"","ast-main-header-display":"","ast-hfb-above-header-display":"","ast-hfb-below-header-display":"","ast-hfb-mobile-header-display":"","site-post-title":"","ast-breadcrumbs-content":"","ast-featured-img":"","footer-sml-layout":"","theme-transparent-header-meta":"default","adv-header-id-meta":"","stick-header-meta":"","header-above-stick-meta":"","header-main-stick-meta":"","header-below-stick-meta":"","astra-migrate-meta-layouts":"set","ast-page-background-enabled":"default","ast-page-background-meta":{"desktop":{"background-color":"var(--ast-global-color-4)","background-image":"","background-repeat":"repeat","background-position":"center center","background-size":"auto","background-attachment":"scroll","background-type":"","background-media":"","overlay-type":"","overlay-color":"","overlay-opacity":"","overlay-gradient":""},"tablet":{"background-color":"","background-image":"","background-repeat":"repeat","background-position":"center center","background-size":"auto","background-attachment":"scroll","background-type":"","background-media":"","overlay-type":"","overlay-color":"","overlay-opacity":"","overlay-gradient":""},"mobile":{"background-color":"","background-image":"","background-repeat":"repeat","background-position":"center center","background-size":"auto","background-attachment":"scroll","background-type":"","background-media":"","overlay-type":"","overlay-color":"","overlay-opacity":"","overlay-gradient":""}},"ast-content-background-meta":{"desktop":{"background-color":"var(--ast-global-color-5)","background-image":"","background-repeat":"repeat","background-position":"center center","background-size":"auto","background-attachment":"scroll","background-type":"","background-media":"","overlay-type":"","overlay-color":"","overlay-opacity":"","overlay-gradient":""},"tablet":{"background-color":"var(--ast-global-color-5)","background-image":"","background-repeat":"repeat","background-position":"center center","background-size":"auto","background-attachment":"scroll","background-type":"","background-media":"","overlay-type":"","overlay-color":"","overlay-opacity":"","overlay-gradient":""},"mobile":{"background-color":"var(--ast-global-color-5)","background-image":"","background-repeat":"repeat","background-position":"center center","background-size":"auto","background-attachment":"scroll","background-type":"","background-media":"","overlay-type":"","overlay-color":"","overlay-opacity":"","overlay-gradient":""}},"_joinchat":[]},"product_brand":[],"product_cat":[28,18],"product_tag":[],"class_list":{"0":"post-1711","1":"product","2":"type-product","3":"status-publish","4":"has-post-thumbnail","6":"product_cat-orquideas","7":"product_cat-plantas","8":"desktop-align-center","9":"tablet-align-left","10":"mobile-align-center","12":"first","13":"instock","14":"shipping-taxable","15":"purchasable","16":"product-type-simple"},"jetpack_sharing_enabled":true,"_links":{"self":[{"href":"https:\/\/www.laponsetia.com\/index.php\/wp-json\/wp\/v2\/product\/1711","targetHints":{"allow":["GET"]}}],"collection":[{"href":"https:\/\/www.laponsetia.com\/index.php\/wp-json\/wp\/v2\/product"}],"about":[{"href":"https:\/\/www.laponsetia.com\/index.php\/wp-json\/wp\/v2\/types\/product"}],"wp:featuredmedia":[{"embeddable":true,"href":"https:\/\/www.laponsetia.com\/index.php\/wp-json\/wp\/v2\/media\/1714"}],"wp:attachment":[{"href":"https:\/\/www.laponsetia.com\/index.php\/wp-json\/wp\/v2\/media?parent=1711"}],"wp:term":[{"taxonomy":"product_brand","embeddable":true,"href":"https:\/\/www.laponsetia.com\/index.php\/wp-json\/wp\/v2\/product_brand?post=1711"},{"taxonomy":"product_cat","embeddable":true,"href":"https:\/\/www.laponsetia.com\/index.php\/wp-json\/wp\/v2\/product_cat?post=1711"},{"taxonomy":"product_tag","embeddable":true,"href":"https:\/\/www.laponsetia.com\/index.php\/wp-json\/wp\/v2\/product_tag?post=1711"}],"curies":[{"name":"wp","href":"https:\/\/api.w.org\/{rel}","templated":true}]}}