{"id":1035,"date":"2023-10-24T11:25:58","date_gmt":"2023-10-24T11:25:58","guid":{"rendered":"http:\/\/www.laponsetia.com\/?page_id=1035"},"modified":"2023-10-24T11:26:37","modified_gmt":"2023-10-24T11:26:37","slug":"aviso-legal","status":"publish","type":"page","link":"https:\/\/www.laponsetia.com\/index.php\/aviso-legal\/","title":{"rendered":"Aviso legal"},"content":{"rendered":"\t\t<div data-elementor-type=\"wp-page\" data-elementor-id=\"1035\" class=\"elementor elementor-1035\" data-elementor-post-type=\"page\">\n\t\t\t\t\t\t<section class=\"elementor-section elementor-top-section elementor-element elementor-element-6c124e5 elementor-section-boxed elementor-section-height-default elementor-section-height-default\" data-id=\"6c124e5\" data-element_type=\"section\" data-e-type=\"section\">\n\t\t\t\t\t\t<div class=\"elementor-container elementor-column-gap-default\">\n\t\t\t\t\t<div class=\"elementor-column elementor-col-100 elementor-top-column elementor-element elementor-element-f019b04\" data-id=\"f019b04\" data-element_type=\"column\" data-e-type=\"column\">\n\t\t\t<div class=\"elementor-widget-wrap elementor-element-populated\">\n\t\t\t\t\t\t<div class=\"elementor-element elementor-element-26fc524 elementor-widget elementor-widget-text-editor\" data-id=\"26fc524\" data-element_type=\"widget\" data-e-type=\"widget\" data-widget_type=\"text-editor.default\">\n\t\t\t\t<div class=\"elementor-widget-container\">\n\t\t\t\t\t\t\t\t\t<p><strong>DATOS IDENTIFICATIVOS DE LA EMPRESA<\/strong><\/p><p><strong>RAZ\u00d3N SOCIAL<\/strong>: LA PONSETIA, S.L.<br \/><strong>CIF<\/strong>: B-83.000.794<br \/><strong>DIRECCI\u00d3N FISCAL<\/strong>: C\/ ORENSE, 26<br \/><strong>POBLACI\u00d3N<\/strong>: MADRID<br \/><strong>PROVINCIA<\/strong>: MADRID<br \/><strong>C\u00d3DIGO POSTAL<\/strong>: 28020<br \/><strong>E-MAIL<\/strong>: laponsetia@laponsetia.com<br \/><strong>P\u00c1GINA WEB<\/strong>: www.laponsetia.com<\/p><p><strong>Objeto<\/strong><\/p><p>La presente p\u00e1gina Web ha sido dise\u00f1ada para dar a conocer los servicios ofertados por la empresa <strong>LA PONSETIA, S.L.<\/strong> con CIF B-83.000.794, con domicilio social en C\/ ORENSE, 26 28020 &#8211; MADRID.<\/p><p><strong>Propiedad intelectual e industrial<\/strong><\/p><p>Los derechos de propiedad intelectual de la p\u00e1gina WWW.LAPONSETIA.COM, su c\u00f3digo fuente, dise\u00f1o, estructuras de navegaci\u00f3n y los distintos elementos en ella contenidos son titularidad de <strong>LA PONSETIA, S.L.<\/strong>, a quien corresponde el ejercicio exclusivo de los derechos de explotaci\u00f3n de los mismos en cualquier forma y, en especial, los derechos de reproducci\u00f3n, distribuci\u00f3n, comunicaci\u00f3n p\u00fablica y transformaci\u00f3n, de acuerdo con la legislaci\u00f3n espa\u00f1ola y de la Uni\u00f3n Europea aplicable.<\/p><p><strong>Contenidos<\/strong><\/p><p>Se facilita a trav\u00e9s de esta Web informaci\u00f3n acerca de servicios destinados a conocimiento p\u00fablico que en todo caso se sujetar\u00e1n a los t\u00e9rminos y condiciones expresamente detallados en cada momento y que son accesibles desde esta p\u00e1gina Web, los cuales se sujetar\u00e1n a las distintas disposiciones legales de aplicaci\u00f3n.<\/p><p><strong>Acceso y uso<\/strong><\/p><p>Tanto el acceso a esta p\u00e1gina Web, como el uso que pueda hacerse de la informaci\u00f3n y contenidos incluidos en la misma, ser\u00e1 de la exclusiva responsabilidad de quien lo realice.<\/p><p>Las condiciones de acceso a este Web estar\u00e1n supeditadas a la legalidad vigente y los principios de la buena fe y uso l\u00edcito por parte del usuario de la misma, quedando prohibido con car\u00e1cter general cualquier tipo de actuaci\u00f3n en perjuicio de <strong>LA PONSETIA, S.L. <\/strong><\/p><p>Se considerar\u00e1 terminantemente prohibido el uso de la presente p\u00e1gina Web con fines ilegales o no autorizados.<\/p><p><strong>Responsabilidad<\/strong><\/p><p><strong>LA PONSETIA, S.L.<\/strong> no se hace responsable bajo ning\u00fan concepto por ning\u00fan tipo de da\u00f1o que pudiesen ocasionar los Usuarios a la presente p\u00e1gina Web, o a cualquier otra, por el uso ilegal o indebido de la misma, o de los contenidos e informaciones accesibles o facilitadas a trav\u00e9s de ella..<\/p><p><strong>Servicio <\/strong><\/p><p><strong>LA PONSETIA, S.L.<\/strong> se reserva el derecho de suspender el acceso a su p\u00e1gina Web, sin previo aviso, de forma discrecional y temporal, por razones t\u00e9cnicas o de cualquier otra \u00edndole, pudiendo asimismo modificar unilateralmente tanto las condiciones de acceso, como la totalidad o parte de los contenidos en ella incluidos.<\/p><p><strong>Generales<\/strong><\/p><p>Para toda cuesti\u00f3n litigiosa o que incumba a la P\u00e1gina Web de WWW.LAPONSETIA.COM, ser\u00e1 de aplicaci\u00f3n la legislaci\u00f3n espa\u00f1ola, siendo competentes para la resoluci\u00f3n de todos los conflictos derivados o relacionados con el uso de esta p\u00e1gina Web, los Juzgados y Tribunales del domicilio del usuario.<\/p><p>El acceso a la p\u00e1gina Web de WWW.LAPONSETIA.COM implica la aceptaci\u00f3n de todas las condiciones anteriormente expresadas.<\/p><p><strong>Hiperenlaces<\/strong><\/p><p>Los hiperenlaces contenidos en el sitio web de WWW.LAPONSETIA.COM pueden dirigir a p\u00e1ginas web de terceros. WWW.LAPONSETIA.COM no asume ninguna responsabilidad por el contenido, informaciones o servicios que pudieran aparecer en dichos sitios, que tendr\u00e1n exclusivamente car\u00e1cter informativo y que en ning\u00fan caso implican relaci\u00f3n alguna entre WWW.LAPONSETIA.COM y a las personas o entidades titulares de tales contenidos o titulares de los sitios donde se encuentren.<\/p>\t\t\t\t\t\t\t\t<\/div>\n\t\t\t\t<\/div>\n\t\t\t\t\t<\/div>\n\t\t<\/div>\n\t\t\t\t\t<\/div>\n\t\t<\/section>\n\t\t\t\t<\/div>\n\t\t","protected":false},"excerpt":{"rendered":"<p>DATOS IDENTIFICATIVOS DE LA EMPRESA RAZ\u00d3N SOCIAL: LA PONSETIA, S.L.CIF: B-83.000.794DIRECCI\u00d3N FISCAL: C\/ ORENSE, 26POBLACI\u00d3N: MADRIDPROVINCIA: MADRIDC\u00d3DIGO POSTAL: 28020E-MAIL: laponsetia@laponsetia.comP\u00c1GINA WEB: www.laponsetia.com Objeto La presente p\u00e1gina Web ha sido dise\u00f1ada para dar a conocer los servicios ofertados por la empresa LA PONSETIA, S.L. con CIF B-83.000.794, con domicilio social en C\/ ORENSE, 26 28020 &#8211; [&hellip;]<\/p>\n","protected":false},"author":1,"featured_media":0,"parent":0,"menu_order":0,"comment_status":"closed","ping_status":"closed","template":"","meta":{"site-sidebar-layout":"no-sidebar","site-content-layout":"page-builder","ast-site-content-layout":"default","site-content-style":"default","site-sidebar-style":"default","ast-global-header-display":"","ast-banner-title-visibility":"","ast-main-header-display":"","ast-hfb-above-header-display":"","ast-hfb-below-header-display":"","ast-hfb-mobile-header-display":"","site-post-title":"disabled","ast-breadcrumbs-content":"","ast-featured-img":"disabled","footer-sml-layout":"","ast-disable-related-posts":"","theme-transparent-header-meta":"","adv-header-id-meta":"","stick-header-meta":"","header-above-stick-meta":"","header-main-stick-meta":"","header-below-stick-meta":"","astra-migrate-meta-layouts":"default","ast-page-background-enabled":"default","ast-page-background-meta":{"desktop":{"background-color":"var(--ast-global-color-4)","background-image":"","background-repeat":"repeat","background-position":"center center","background-size":"auto","background-attachment":"scroll","background-type":"","background-media":"","overlay-type":"","overlay-color":"","overlay-opacity":"","overlay-gradient":""},"tablet":{"background-color":"","background-image":"","background-repeat":"repeat","background-position":"center center","background-size":"auto","background-attachment":"scroll","background-type":"","background-media":"","overlay-type":"","overlay-color":"","overlay-opacity":"","overlay-gradient":""},"mobile":{"background-color":"","background-image":"","background-repeat":"repeat","background-position":"center center","background-size":"auto","background-attachment":"scroll","background-type":"","background-media":"","overlay-type":"","overlay-color":"","overlay-opacity":"","overlay-gradient":""}},"ast-content-background-meta":{"desktop":{"background-color":"var(--ast-global-color-5)","background-image":"","background-repeat":"repeat","background-position":"center center","background-size":"auto","background-attachment":"scroll","background-type":"","background-media":"","overlay-type":"","overlay-color":"","overlay-opacity":"","overlay-gradient":""},"tablet":{"background-color":"var(--ast-global-color-5)","background-image":"","background-repeat":"repeat","background-position":"center center","background-size":"auto","background-attachment":"scroll","background-type":"","background-media":"","overlay-type":"","overlay-color":"","overlay-opacity":"","overlay-gradient":""},"mobile":{"background-color":"var(--ast-global-color-5)","background-image":"","background-repeat":"repeat","background-position":"center center","background-size":"auto","background-attachment":"scroll","background-type":"","background-media":"","overlay-type":"","overlay-color":"","overlay-opacity":"","overlay-gradient":""}},"_joinchat":[],"footnotes":""},"class_list":["post-1035","page","type-page","status-publish","hentry"],"jetpack_sharing_enabled":true,"_links":{"self":[{"href":"https:\/\/www.laponsetia.com\/index.php\/wp-json\/wp\/v2\/pages\/1035","targetHints":{"allow":["GET"]}}],"collection":[{"href":"https:\/\/www.laponsetia.com\/index.php\/wp-json\/wp\/v2\/pages"}],"about":[{"href":"https:\/\/www.laponsetia.com\/index.php\/wp-json\/wp\/v2\/types\/page"}],"author":[{"embeddable":true,"href":"https:\/\/www.laponsetia.com\/index.php\/wp-json\/wp\/v2\/users\/1"}],"replies":[{"embeddable":true,"href":"https:\/\/www.laponsetia.com\/index.php\/wp-json\/wp\/v2\/comments?post=1035"}],"version-history":[{"count":4,"href":"https:\/\/www.laponsetia.com\/index.php\/wp-json\/wp\/v2\/pages\/1035\/revisions"}],"predecessor-version":[{"id":1039,"href":"https:\/\/www.laponsetia.com\/index.php\/wp-json\/wp\/v2\/pages\/1035\/revisions\/1039"}],"wp:attachment":[{"href":"https:\/\/www.laponsetia.com\/index.php\/wp-json\/wp\/v2\/media?parent=1035"}],"curies":[{"name":"wp","href":"https:\/\/api.w.org\/{rel}","templated":true}]}}