{"id":1030,"date":"2023-10-24T11:25:09","date_gmt":"2023-10-24T11:25:09","guid":{"rendered":"http:\/\/www.laponsetia.com\/?page_id=1030"},"modified":"2023-10-24T11:25:38","modified_gmt":"2023-10-24T11:25:38","slug":"terminos-y-condiciones","status":"publish","type":"page","link":"https:\/\/www.laponsetia.com\/index.php\/terminos-y-condiciones\/","title":{"rendered":"T\u00e9rminos y condiciones"},"content":{"rendered":"\t\t<div data-elementor-type=\"wp-page\" data-elementor-id=\"1030\" class=\"elementor elementor-1030\" data-elementor-post-type=\"page\">\n\t\t\t\t\t\t<section class=\"elementor-section elementor-top-section elementor-element elementor-element-a35880d elementor-section-boxed elementor-section-height-default elementor-section-height-default\" data-id=\"a35880d\" data-element_type=\"section\" data-e-type=\"section\">\n\t\t\t\t\t\t<div class=\"elementor-container elementor-column-gap-default\">\n\t\t\t\t\t<div class=\"elementor-column elementor-col-100 elementor-top-column elementor-element elementor-element-5c21ba3\" data-id=\"5c21ba3\" data-element_type=\"column\" data-e-type=\"column\">\n\t\t\t<div class=\"elementor-widget-wrap elementor-element-populated\">\n\t\t\t\t\t\t<div class=\"elementor-element elementor-element-d88fc6a elementor-widget elementor-widget-text-editor\" data-id=\"d88fc6a\" data-element_type=\"widget\" data-e-type=\"widget\" data-widget_type=\"text-editor.default\">\n\t\t\t\t<div class=\"elementor-widget-container\">\n\t\t\t\t\t\t\t\t\t<h2>Condiciones del proceso de compra<\/h2><p>Toda la informaci\u00f3n sobre los productos y el formulario de compra est\u00e1n escritos en espa\u00f1ol, por lo tanto, la contrataci\u00f3n del servicio se realizar\u00e1 en este idioma. Para realizar la compra el cliente debe rellenar todos los campos del formulario de compra marcados con un asterisco como obligatorio que La Ponsetia Arte Floral necesita para la correcta prestaci\u00f3n de su servicio. Al finalizar la compra el cliente recibir\u00e1 en su correo electr\u00f3nico un e-mail con el detalle de su compra. Si la compra se realiza telef\u00f3nicamente y el cliente no dispone de correo electr\u00f3nico puede solicitar que le enviemos un documento con el detalle de su compra por correo postal. Si el cliente es una empresa puede solicitar una factura indicando sus datos fiscales a realizar la compra. La Ponsetia Arte Floral archivar\u00e1 el documento de la compra, excepto los datos de pago, y estar\u00e1 a disponibilidad del cliente que lo solicite. Tras la realizaci\u00f3n de la compra el cliente podr\u00e1 realizar cualquier rectificaci\u00f3n sobre su pedido por tel\u00e9fono, por correo electr\u00f3nico a <a href=\"mailto:info@laponsetia.com\">laponsetia<span id=\"cloak63405\">@laponsetia.com<\/span><\/a>\u00a0o a trav\u00e9s del formulario de atenci\u00f3n al cliente siempre que sea con suficiente antelaci\u00f3n a la entrega del pedido (consultar pol\u00edtica de cancelaci\u00f3n).<\/p><h2>Condiciones de env\u00edo<\/h2><p>El env\u00edo a domicilio no est\u00e1 incluido en el precio de los art\u00edculos. En funci\u00f3n de la poblaci\u00f3n donde se va a entregar t\u00fa pedido esistir\u00e1 un suplemento adicional.<\/p><p>Env\u00edos en Madrid capital:<\/p><p>&#8211; Servicios Normales:<br \/>Realizamos env\u00edos de lunes a viernes de 10:00h a 19:00h y s\u00e1bados de 10:00h a 14:00h. La Ponsetia Arte Floral se compromete a entregar con este tipo de servicio sus flores en el horario y fecha escogido por usted de la tabla de posibilidades que le ofrecemos. Pudiendo ser \u00e9ste de lunes a viernes de ma\u00f1ana (10:00h a 14:00h) o de tarde (16:00h a 19:00h), y s\u00e1bados de ma\u00f1ana.<\/p><p>Env\u00edos en Poblaciones m\u00e1s pr\u00f3ximas a Madrid capital:<\/p><p>Las Poblaciones que forman parte de esta \u00e1rea pr\u00f3xima a Madrid son:<br \/>Pozuelo de Alarc\u00f3n, Majadahonda, Las Rozas de Madrid, Boadilla del Monte, Alcorc\u00f3n, M\u00f3stoles, Legan\u00e9s, Getafe, Rivas-Vaciamadrid, Coslada, Alcobendas y San Sebasti\u00e1n de los Reyes.<\/p><p>Entrega de los pedidos y condiciones de reenv\u00edo por ausencia o error en los datos proporcionados:<\/p><p>Se considera que los pedidos quedan entregados en el tiempo estipulado, bien por reparto directo a la direcci\u00f3n especificada o cuando la persona est\u00e9 ausente, mediante notificaci\u00f3n sobre la disponibilidad del producto. La Ponsetia Arte Floral se compromete a mantener informado al cliente sobre el estado de su pedido y a acordar una nueva entrega con \u00e9l sin coste adicional para el cliente. Si en este segundo intento tampoco se encontrara a la persona destinataria, los siguientes gastos de env\u00edo correr\u00e1n a cargo del cliente. Si la direcci\u00f3n proporcionada por el cliente no es correcta o los datos facilitados no son suficientes para realizar la entrega de las flores de manera satisfactoria La Ponsetia Arte Floral se reserva el derecho de cobrar los gastos de reenv\u00edo ocasionados siempre informando, antes de proceder al reenv\u00edo, al cliente.<\/p><p>La Ponsetia Arte Floral se reserva el derecho a cambiar las flores o los materiales de decoraci\u00f3n utilizados, o los complementos que acompa\u00f1en al servicio, seg\u00fan la disponibilidad en tienda o la disponibilidad de las flores seg\u00fan la temporada.<\/p><h2>Pol\u00edtica de cancelaci\u00f3n<\/h2><p>Si desea usted cancelar su pedido puede hacerlo comunic\u00e1ndolo a trav\u00e9s de correo electr\u00f3nico a\u00a0<a href=\"mailto:info@laponsetia.com\">laponsetia@laponsetia.com<\/a>\u00a0o llam\u00e1ndonos por tel\u00e9fono al 91 555 82 56 inmediatamente despu\u00e9s de haberse efectuada la compra.<br \/>Para las cancelaciones fuera de este plazo, La Ponsetia Arte Floral no puede garantizar la devoluci\u00f3n total del importe cobrado y se reserva el derecho a cobrar el importe de los gastos generados por la cancelaci\u00f3n, siendo estos el coste del env\u00edo a domicilio y el valor de las flores enviadas.<br \/>El cliente puede solicitar hojas de reclamaciones en atenci\u00f3n al cliente.<\/p><h2>Pol\u00edtica de devoluci\u00f3n<\/h2><p>La Ponsetia Arte Floral garantiza la frescura y calidad de todos sus productos. No obstante si la satisfacci\u00f3n obtenida con nuestros servicios no fuera la esperada La Ponsetia Arte Floral se compromete a estudiar cada reclamaci\u00f3n y actuar\u00e1 de la forma consensuada entre el cliente y La Ponsetia Arte Floral.<br \/>Las reclamaciones siempre ser\u00e1n tratadas con generosidad por La Ponsetia Arte Floral puesto que confiamos en que nuestros clientes act\u00faan de buena fe. No obstante en caso de litigio los clientes deber\u00e1n contactar primero con La Ponsetia Arte Floral para tratar de llegar a una soluci\u00f3n amigable puesto que lo que busca La Ponsetia Arte Floral es la total satisfacci\u00f3n de sus clientes.<br \/>El comprador tiene derecho a la sustituci\u00f3n gratuita del producto o a la devoluci\u00f3n de su importe, sin que pueda exigir otro tipo de indemnizaci\u00f3n o beneficio, en caso de un defecto visible del pedido, y despu\u00e9s de ser verificado y aceptado por el vendedor.<br \/>Por lo tanto cualquier devoluci\u00f3n deber\u00e1 ser de acuerdo formal entre el vendedor y el comprador.<br \/>Si no se llegar\u00e1 a un acuerdo en el procedimiento arbitral entre las partes se someten a la jurisdicci\u00f3n de los juzgados del consumidor.<br \/>El cliente puede solicitar hojas de reclamaciones en atenci\u00f3n al cliente.<\/p><h2>Garant\u00eda de calidad<\/h2><p>La Ponsetia Arte Floral se compromete a entregar un ramo respetando los colores, el dise\u00f1o y los complementos al de la foto escogido en su pedido. Si por circunstancias ajenas a la voluntad de La Ponsetia Arte Floral no pudiera ser de esta manera, el compromiso es ponernos en contacto con usted por v\u00eda telef\u00f3nica y\/o correo electr\u00f3nico para consultarle la posibilidad de cambio de producto. Si el contacto no pudiera ser realizado en tiempo suficiente para garantizar la entrega en fecha y franja horaria de su pedido La Ponsetia Arte Floral entregar\u00e1 un art\u00edculo igual en precio y calidad tratando de que se asemeje lo m\u00e1s posible al solicitado.<br \/>La Ponsetia Arte Floral garantiza la frescura y calidad de todos sus productos. No obstante si la satisfacci\u00f3n obtenida con nuestros servicios no fuera la esperada La Ponsetia Arte Floral se compromete a estudiar cada reclamaci\u00f3n y actuar\u00e1 de la forma consensuada entre el cliente y La Ponsetia Arte Floral (Consultar pol\u00edtica de devoluci\u00f3n).<br \/>El cliente puede solicitar hojas de reclamaciones en atenci\u00f3n al cliente.<\/p><h2>Pol\u00edtica de privacidad y protecci\u00f3n de datos<\/h2><p>De conformidad con los establecido en el reglamento (UE) 2016\/679 de protecci\u00f3n de datos de car\u00e1cter personal, le informamos <strong>que los datos que usted nos facilite ser\u00e1n incorporados al sistema de tratamiento titularidad de LA PONSETIA S.L. con CIF B83000794 y domicilio social sito en C\/ ORENSE, 26 de MADRID provincia de Madrid C.P.: 28020, con la finalidad de COMERCIO ELECTR\u00d3NICO, GESTI\u00d3N DE CLIENTES, CONTABLE, FISCAL Y ADMINISTRATIVA, OTRAS FINALIDADES.<\/strong><br \/><br \/><strong>Se proceder\u00e1 a tratar los datos de manera f\u00e1cil, leal, transparente, adecuada, pertinente, limitada, exacta y actualizada.<\/strong> Mientras no nos comunique lo contrario, entenderemos que sus datos no han sido modificados y que usted se compromete a notificarnos cualquier variaci\u00f3n.<br \/><br \/>De acuerdo con los derechos que le confiere la normativa vigente <strong>podr\u00e1 ejercer los derechos de acceso, rectificaci\u00f3n, limitaci\u00f3n de tratamiento, supresi\u00f3n, portabilidad y oposici\u00f3n al tratamiento de sus datos de car\u00e1cter personal<\/strong> as\u00ed como revocar el consentimiento prestado, dirigiendo su petici\u00f3n a la direcci\u00f3n postal indicada o al correo electr\u00f3nico\u00a0<a href=\"mailto:laponsetia@laponsetia.com\">laponsetia@laponsetia.com<\/a> y podr\u00e1 dirigirse a la Autoridad de Control competente para presentar la reclamaci\u00f3n que considere oportuna.<\/p>\t\t\t\t\t\t\t\t<\/div>\n\t\t\t\t<\/div>\n\t\t\t\t\t<\/div>\n\t\t<\/div>\n\t\t\t\t\t<\/div>\n\t\t<\/section>\n\t\t\t\t<\/div>\n\t\t","protected":false},"excerpt":{"rendered":"<p>Condiciones del proceso de compra Toda la informaci\u00f3n sobre los productos y el formulario de compra est\u00e1n escritos en espa\u00f1ol, por lo tanto, la contrataci\u00f3n del servicio se realizar\u00e1 en este idioma. Para realizar la compra el cliente debe rellenar todos los campos del formulario de compra marcados con un asterisco como obligatorio que La [&hellip;]<\/p>\n","protected":false},"author":1,"featured_media":0,"parent":0,"menu_order":0,"comment_status":"closed","ping_status":"closed","template":"","meta":{"site-sidebar-layout":"no-sidebar","site-content-layout":"page-builder","ast-site-content-layout":"default","site-content-style":"default","site-sidebar-style":"default","ast-global-header-display":"","ast-banner-title-visibility":"","ast-main-header-display":"","ast-hfb-above-header-display":"","ast-hfb-below-header-display":"","ast-hfb-mobile-header-display":"","site-post-title":"disabled","ast-breadcrumbs-content":"","ast-featured-img":"disabled","footer-sml-layout":"","ast-disable-related-posts":"","theme-transparent-header-meta":"","adv-header-id-meta":"","stick-header-meta":"","header-above-stick-meta":"","header-main-stick-meta":"","header-below-stick-meta":"","astra-migrate-meta-layouts":"default","ast-page-background-enabled":"default","ast-page-background-meta":{"desktop":{"background-color":"var(--ast-global-color-4)","background-image":"","background-repeat":"repeat","background-position":"center center","background-size":"auto","background-attachment":"scroll","background-type":"","background-media":"","overlay-type":"","overlay-color":"","overlay-opacity":"","overlay-gradient":""},"tablet":{"background-color":"","background-image":"","background-repeat":"repeat","background-position":"center center","background-size":"auto","background-attachment":"scroll","background-type":"","background-media":"","overlay-type":"","overlay-color":"","overlay-opacity":"","overlay-gradient":""},"mobile":{"background-color":"","background-image":"","background-repeat":"repeat","background-position":"center center","background-size":"auto","background-attachment":"scroll","background-type":"","background-media":"","overlay-type":"","overlay-color":"","overlay-opacity":"","overlay-gradient":""}},"ast-content-background-meta":{"desktop":{"background-color":"var(--ast-global-color-5)","background-image":"","background-repeat":"repeat","background-position":"center center","background-size":"auto","background-attachment":"scroll","background-type":"","background-media":"","overlay-type":"","overlay-color":"","overlay-opacity":"","overlay-gradient":""},"tablet":{"background-color":"var(--ast-global-color-5)","background-image":"","background-repeat":"repeat","background-position":"center center","background-size":"auto","background-attachment":"scroll","background-type":"","background-media":"","overlay-type":"","overlay-color":"","overlay-opacity":"","overlay-gradient":""},"mobile":{"background-color":"var(--ast-global-color-5)","background-image":"","background-repeat":"repeat","background-position":"center center","background-size":"auto","background-attachment":"scroll","background-type":"","background-media":"","overlay-type":"","overlay-color":"","overlay-opacity":"","overlay-gradient":""}},"_joinchat":[],"footnotes":""},"class_list":["post-1030","page","type-page","status-publish","hentry"],"jetpack_sharing_enabled":true,"_links":{"self":[{"href":"https:\/\/www.laponsetia.com\/index.php\/wp-json\/wp\/v2\/pages\/1030","targetHints":{"allow":["GET"]}}],"collection":[{"href":"https:\/\/www.laponsetia.com\/index.php\/wp-json\/wp\/v2\/pages"}],"about":[{"href":"https:\/\/www.laponsetia.com\/index.php\/wp-json\/wp\/v2\/types\/page"}],"author":[{"embeddable":true,"href":"https:\/\/www.laponsetia.com\/index.php\/wp-json\/wp\/v2\/users\/1"}],"replies":[{"embeddable":true,"href":"https:\/\/www.laponsetia.com\/index.php\/wp-json\/wp\/v2\/comments?post=1030"}],"version-history":[{"count":4,"href":"https:\/\/www.laponsetia.com\/index.php\/wp-json\/wp\/v2\/pages\/1030\/revisions"}],"predecessor-version":[{"id":1034,"href":"https:\/\/www.laponsetia.com\/index.php\/wp-json\/wp\/v2\/pages\/1030\/revisions\/1034"}],"wp:attachment":[{"href":"https:\/\/www.laponsetia.com\/index.php\/wp-json\/wp\/v2\/media?parent=1030"}],"curies":[{"name":"wp","href":"https:\/\/api.w.org\/{rel}","templated":true}]}}